{"id":18891,"date":"2024-02-28T22:02:15","date_gmt":"2024-02-28T21:02:15","guid":{"rendered":"https:\/\/dev-pme.k-tns.com\/new_site_dev\/join-us\/"},"modified":"2025-02-03T10:48:54","modified_gmt":"2025-02-03T09:48:54","slug":"career","status":"publish","type":"page","link":"https:\/\/www.k-tns.com\/en\/career\/","title":{"rendered":"Join us"},"content":{"rendered":"\t\t<div data-elementor-type=\"wp-page\" data-elementor-id=\"18891\" class=\"elementor elementor-18891 elementor-4769\" data-elementor-post-type=\"page\">\n\t\t\t\t\t\t<section class=\"elementor-section elementor-top-section elementor-element elementor-element-6eff06b elementor-section-boxed elementor-section-height-default elementor-section-height-default\" data-id=\"6eff06b\" data-element_type=\"section\">\n\t\t\t\t\t\t<div class=\"elementor-container elementor-column-gap-default\">\n\t\t\t\t\t<div class=\"elementor-column elementor-col-100 elementor-top-column elementor-element elementor-element-1949757\" data-id=\"1949757\" data-element_type=\"column\">\n\t\t\t<div class=\"elementor-widget-wrap elementor-element-populated\">\n\t\t\t\t\t\t<div class=\"elementor-element elementor-element-da57649 neuros-button-border-style-gradient neuros-button-bakground-style-solid elementor-widget elementor-widget-neuros_vacancies_listing\" data-id=\"da57649\" data-element_type=\"widget\" data-widget_type=\"neuros_vacancies_listing.default\">\n\t\t\t\t<div class=\"elementor-widget-container\">\n\t\t\t\n        <div class=\"neuros-vacancy-listing-widget\">\n\n            <div class=\"archive-listing\" data-ajax='{&quot;post_type&quot;:&quot;neuros_vacancy&quot;,&quot;ignore_sticky_posts&quot;:true,&quot;suppress_filters&quot;:true,&quot;orderby&quot;:&quot;date&quot;,&quot;order&quot;:&quot;desc&quot;,&quot;link_base&quot;:&quot;https:\\\/\\\/www.k-tns.com\\\/en\\\/wp-json\\\/wp\\\/v2\\\/pages\\\/18891\\\/&quot;,&quot;posts_per_page&quot;:5,&quot;paged&quot;:1}' data-widget='{&quot;item_class&quot;:&quot;vacancy-item-wrapper&quot;,&quot;columns_number&quot;:1,&quot;excerpt_length&quot;:128,&quot;show_pagination&quot;:&quot;&quot;}'>\n                <div class=\"archive-listing-wrapper vacancy-listing-wrapper vacancy-grid-listing columns-1\">\n                    \n<div class=\"vacancy-item-wrapper post-4751 neuros_vacancy type-neuros_vacancy status-publish hentry\">\n    <div class=\"vacancy-item\">\n\n        <div class=\"vacancy-item-header\"><div class=\"vacancy-post-meta\"><div class=\"vacancy-post-meta-item vacancy-occupation\">Full time<\/div><div class=\"vacancy-post-meta-item vacancy-city\">8 ans d&#039;exp\u00e9rience<\/div><\/div><div class=\"vacancy-salary\"><div class=\"vacancy-salary-value\">Paris Est (Secteur Banque\/Assurance)<\/div><\/div><\/div>\n        <div class=\"vacancy-item-excerpt\">\n            <h4 class=\"vacancy-post-title\">Directeur de Projet Cyber R\u00e9silience (H\/F)<\/h4><div class=\"vacancy-excerpt\">Le Directeur de Programme (DP) pilote son programme dans le respect des\r\nengagements pris (d\u00e9lais, qualit\u00e9 des livrables, ma\u00ee<\/div>        <\/div>\n\n        <div class=\"vacancy-item-button\">\n            <a href=\"https:\/\/www.k-tns.com\/en\/careers\/directeur-projet-resilience\/\" class=\"neuros-button\">D\u00e9couvrir<span class=\"icon-button-arrow left\"><\/span><span class=\"icon-button-arrow right\"><\/span>                    \n                                <span class=\"button-inner\"><\/a>        <\/div>\n    <\/div>\n<\/div>                <\/div>\n\n                            <\/div>\n\n        <\/div>\n        \t\t<\/div>\n\t\t\t\t<\/div>\n\t\t\t\t\t<\/div>\n\t\t<\/div>\n\t\t\t\t\t<\/div>\n\t\t<\/section>\n\t\t\t\t<section class=\"elementor-section elementor-top-section elementor-element elementor-element-a6f5a94 elementor-section-stretched elementor-section-full_width elementor-section-height-default elementor-section-height-default\" data-id=\"a6f5a94\" data-element_type=\"section\" data-settings=\"{&quot;stretch_section&quot;:&quot;section-stretched&quot;}\">\n\t\t\t\t\t\t<div class=\"elementor-container elementor-column-gap-no\">\n\t\t\t\t\t<div class=\"elementor-column elementor-col-100 elementor-top-column elementor-element elementor-element-993cef1\" data-id=\"993cef1\" data-element_type=\"column\">\n\t\t\t<div class=\"elementor-widget-wrap\">\n\t\t\t\t\t\t\t<\/div>\n\t\t<\/div>\n\t\t\t\t\t<\/div>\n\t\t<\/section>\n\t\t\t\t<section class=\"elementor-section elementor-inner-section elementor-element elementor-element-4dfc87bf elementor-section-boxed elementor-section-height-default elementor-section-height-default\" data-id=\"4dfc87bf\" data-element_type=\"section\" data-settings=\"{&quot;background_background&quot;:&quot;classic&quot;}\">\n\t\t\t\t\t\t<div class=\"elementor-container elementor-column-gap-wide\">\n\t\t\t\t\t<div class=\"elementor-column elementor-col-50 elementor-inner-column elementor-element elementor-element-47812b6b\" data-id=\"47812b6b\" data-element_type=\"column\">\n\t\t\t<div class=\"elementor-widget-wrap elementor-element-populated\">\n\t\t\t\t\t\t<div class=\"elementor-element elementor-element-404976e elementor-invisible elementor-widget elementor-widget-neuros_heading\" data-id=\"404976e\" data-element_type=\"widget\" data-settings=\"{&quot;_animation&quot;:&quot;neuros_heading_animation&quot;,&quot;_animation_delay&quot;:300}\" data-widget_type=\"neuros_heading.default\">\n\t\t\t\t<div class=\"elementor-widget-container\">\n\t\t\t<div class=\"neuros-heading-widget\"><h2 class=\"neuros-heading\"><span class=\"neuros-heading-content has_gradient_color_text\">Need to speak with our business engineer? Let us know!<\/span><\/h2><\/div>\t\t<\/div>\n\t\t\t\t<\/div>\n\t\t\t\t<div class=\"elementor-element elementor-element-1fd1212 elementor-widget elementor-widget-text-editor\" data-id=\"1fd1212\" data-element_type=\"widget\" data-widget_type=\"text-editor.default\">\n\t\t\t\t<div class=\"elementor-widget-container\">\n\t\t\t\t\t\t\t<p>Let&#8217;s build the future of your IT infrastructure together. Contact us to find out how we can help. <\/p>\n\t\t\t\t\t\t<\/div>\n\t\t\t\t<\/div>\n\t\t\t\t<div class=\"elementor-element elementor-element-1ed96d0c elementor-widget__width-initial elementor-widget elementor-widget-neuros_heading\" data-id=\"1ed96d0c\" data-element_type=\"widget\" data-widget_type=\"neuros_heading.default\">\n\t\t\t\t<div class=\"elementor-widget-container\">\n\t\t\t<div class=\"neuros-heading-widget\"><h6 class=\"neuros-heading\"><span class=\"neuros-heading-content has_gradient_color_text\">Contact us<\/span><\/h6><\/div>\t\t<\/div>\n\t\t\t\t<\/div>\n\t\t\t\t<div class=\"elementor-element elementor-element-3704f6f elementor-widget__width-initial elementor-hidden-widescreen elementor-hidden-desktop elementor-hidden-laptop elementor-hidden-tablet_extra elementor-hidden-tablet elementor-hidden-mobile_extra elementor-widget elementor-widget-text-editor\" data-id=\"3704f6f\" data-element_type=\"widget\" data-widget_type=\"text-editor.default\">\n\t\t\t\t<div class=\"elementor-widget-container\">\n\t\t\t\t\t\t\t<div class=\"wDYxhc\" data-attrid=\"kc:\/local:alt phone\" data-md=\"1006\" data-hveid=\"CC0QAA\" data-ved=\"2ahUKEwjC2-Ti39iIAxVSV6QEHeuDB0gQkCl6BAgtEAA\">\n<div class=\"Z1hOCe\">\n<div class=\"zloOqf PZPZlf\" data-dtype=\"d3ifr\" data-local-attribute=\"d3ph\" data-ved=\"2ahUKEwjC2-Ti39iIAxVSV6QEHeuDB0gQ8I0BKAB6BAgtEAE\"><span class=\"LrzXr zdqRlf kno-fv\"><a href=\"tel:%2009%2086%2036%2067%2011\" data-dtype=\"d3ph\" data-local-attribute=\"d3ph\" data-ved=\"2ahUKEwjC2-Ti39iIAxVSV6QEHeuDB0gQkAgoAHoECC0QAg\"><span aria-label=\"Appeler le 09 86 36 67 11\">09 86 36 67 11<\/span><\/a><\/span><\/div>\n<\/div>\n<\/div>\n<div class=\"wDYxhc\" data-attrid=\"kc:\/local:edit info\" data-md=\"140\" data-hveid=\"CCkQAA\" data-ved=\"2ahUKEwjC2-Ti39iIAxVSV6QEHeuDB0gQkG0oAHoECCkQAA\">\n<div class=\"NgDbBb\">\n<div> <\/div>\n<\/div>\n<\/div>\t\t\t\t\t\t<\/div>\n\t\t\t\t<\/div>\n\t\t\t\t<div class=\"elementor-element elementor-element-1d48227d elementor-widget__width-initial elementor-widget elementor-widget-neuros_heading\" data-id=\"1d48227d\" data-element_type=\"widget\" data-widget_type=\"neuros_heading.default\">\n\t\t\t\t<div class=\"elementor-widget-container\">\n\t\t\t<div class=\"neuros-heading-widget\"><h6 class=\"neuros-heading\"><span class=\"neuros-heading-content has_gradient_color_text\">Our locations<\/span><\/h6><\/div>\t\t<\/div>\n\t\t\t\t<\/div>\n\t\t\t\t<div class=\"elementor-element elementor-element-6cf16889 elementor-widget__width-initial elementor-hidden-mobile elementor-widget elementor-widget-text-editor\" data-id=\"6cf16889\" data-element_type=\"widget\" data-widget_type=\"text-editor.default\">\n\t\t\t\t<div class=\"elementor-widget-container\">\n\t\t\t\t\t\t\t<div class=\"wDYxhc\" data-attrid=\"kc:\/local:alt phone\" data-md=\"1006\" data-hveid=\"CC0QAA\" data-ved=\"2ahUKEwjC2-Ti39iIAxVSV6QEHeuDB0gQkCl6BAgtEAA\">\n<div class=\"Z1hOCe\">\n<div class=\"zloOqf PZPZlf\" data-dtype=\"d3ifr\" data-local-attribute=\"d3ph\" data-ved=\"2ahUKEwjC2-Ti39iIAxVSV6QEHeuDB0gQ8I0BKAB6BAgtEAE\"><a href=\"tel:%2009%2086%2036%2067%2011\"><span class=\"LrzXr zdqRlf kno-fv\"><span aria-label=\"Appeler le 09 86 36 67 11\">09 86 36 67 11<\/span><\/span><\/a><\/div>\n<\/div>\n<\/div>\t\t\t\t\t\t<\/div>\n\t\t\t\t<\/div>\n\t\t\t\t<div class=\"elementor-element elementor-element-77df66fe elementor-widget__width-initial elementor-widget elementor-widget-text-editor\" data-id=\"77df66fe\" data-element_type=\"widget\" data-widget_type=\"text-editor.default\">\n\t\t\t\t<div class=\"elementor-widget-container\">\n\t\t\t\t\t\t\t<p>35 Boulevard Georges Clemenceau, Courbevoie 92400<\/p>\n\t\t\t\t\t\t<\/div>\n\t\t\t\t<\/div>\n\t\t\t\t<div class=\"elementor-element elementor-element-432ab967 elementor-widget__width-initial elementor-widget elementor-widget-neuros_heading\" data-id=\"432ab967\" data-element_type=\"widget\" data-widget_type=\"neuros_heading.default\">\n\t\t\t\t<div class=\"elementor-widget-container\">\n\t\t\t<div class=\"neuros-heading-widget\"><h6 class=\"neuros-heading\"><span class=\"neuros-heading-content has_gradient_color_text\">Email<\/span><\/h6><\/div>\t\t<\/div>\n\t\t\t\t<\/div>\n\t\t\t\t<div class=\"elementor-element elementor-element-4eb32339 elementor-widget__width-initial elementor-hidden-widescreen elementor-hidden-desktop elementor-hidden-laptop elementor-hidden-tablet_extra elementor-hidden-tablet elementor-hidden-mobile_extra elementor-widget elementor-widget-text-editor\" data-id=\"4eb32339\" data-element_type=\"widget\" data-widget_type=\"text-editor.default\">\n\t\t\t\t<div class=\"elementor-widget-container\">\n\t\t\t\t\t\t\t<p><a href=\"mailto:contact@k-tns.com\"><span style=\"text-decoration: underline;\">contact@k-tns.com<\/span><\/a><\/p>\n\t\t\t\t\t\t<\/div>\n\t\t\t\t<\/div>\n\t\t\t\t<div class=\"elementor-element elementor-element-2ba23e46 elementor-widget__width-initial elementor-widget elementor-widget-neuros_heading\" data-id=\"2ba23e46\" data-element_type=\"widget\" data-widget_type=\"neuros_heading.default\">\n\t\t\t\t<div class=\"elementor-widget-container\">\n\t\t\t<div class=\"neuros-heading-widget\"><h6 class=\"neuros-heading\"><span class=\"neuros-heading-content has_gradient_color_text\">Follow us<\/span><\/h6><\/div>\t\t<\/div>\n\t\t\t\t<\/div>\n\t\t\t\t<div class=\"elementor-element elementor-element-6865d659 elementor-widget__width-initial elementor-hidden-mobile elementor-widget elementor-widget-text-editor\" data-id=\"6865d659\" data-element_type=\"widget\" data-widget_type=\"text-editor.default\">\n\t\t\t\t<div class=\"elementor-widget-container\">\n\t\t\t\t\t\t\t<p><a href=\"mailto:contact@k-tns.com\">contact@k-tns.com<\/a><\/p>\n\t\t\t\t\t\t<\/div>\n\t\t\t\t<\/div>\n\t\t\t\t<div class=\"elementor-element elementor-element-615c9b8e elementor-shape-square e-grid-align-left elementor-widget__width-initial elementor-widget-laptop__width-initial elementor-grid-0 elementor-widget elementor-widget-social-icons\" data-id=\"615c9b8e\" data-element_type=\"widget\" data-widget_type=\"social-icons.default\">\n\t\t\t\t<div class=\"elementor-widget-container\">\n\t\t\t\t\t<div class=\"elementor-social-icons-wrapper elementor-grid\">\n\t\t\t\t\t\t\t<span class=\"elementor-grid-item\">\n\t\t\t\t\t<a class=\"elementor-icon elementor-social-icon elementor-social-icon-linkedin-in elementor-repeater-item-ce51307\" href=\"https:\/\/www.linkedin.com\/company\/k-technology-&#038;-services\/\" target=\"_blank\">\n\t\t\t\t\t\t<span class=\"elementor-screen-only\">Linkedin-in<\/span>\n\t\t\t\t\t\t<i class=\"fab fa-linkedin-in\"><\/i>\t\t\t\t\t<\/a>\n\t\t\t\t<\/span>\n\t\t\t\t\t<\/div>\n\t\t\t\t<\/div>\n\t\t\t\t<\/div>\n\t\t\t\t\t<\/div>\n\t\t<\/div>\n\t\t\t\t<div class=\"elementor-column elementor-col-50 elementor-inner-column elementor-element elementor-element-6a2e79e7\" data-id=\"6a2e79e7\" data-element_type=\"column\">\n\t\t\t<div class=\"elementor-widget-wrap elementor-element-populated\">\n\t\t\t\t\t\t<div class=\"elementor-element elementor-element-4ffa8c4b wpforms-button-border-style-solid wpforms-button-bakground-style-solid elementor-widget elementor-widget-neuros_wpforms\" data-id=\"4ffa8c4b\" data-element_type=\"widget\" data-widget_type=\"neuros_wpforms.default\">\n\t\t\t\t<div class=\"elementor-widget-container\">\n\t\t\t        <div class=\"neuros-wpforms-widget\">\n            <h4 class=\"wpforms-widget-heading neuros-heading\"><span class=\"neuros-heading-content\">Contact us<\/span><\/h4><div class=\"wpforms-container wpforms-container-full wpforms-render-modern\" id=\"wpforms-17892\"><form id=\"wpforms-form-17892\" class=\"wpforms-validate wpforms-form wpforms-ajax-form\" data-formid=\"17892\" method=\"post\" enctype=\"multipart\/form-data\" action=\"\/en\/wp-json\/wp\/v2\/pages\/18891\" data-token=\"e53219929fedfce36b9d09bcebf1d8c6\" data-token-time=\"1778913748\"><div class=\"wpforms-head-container\"><div class=\"wpforms-description\">Remplissez ce formulaire pour \u00eatre contact\u00e9 par un expert dans les plus brefs d\u00e9lais<\/div><\/div><noscript class=\"wpforms-error-noscript\">Please enable JavaScript in your browser to complete this form.<\/noscript><div class=\"wpforms-hidden\" id=\"wpforms-error-noscript\">Please enable JavaScript in your browser to complete this form.<\/div><div class=\"wpforms-field-container\"><div id=\"wpforms-17892-field_1-container\" class=\"wpforms-field wpforms-field-text\" data-field-id=\"1\"><label class=\"wpforms-field-label wpforms-label-hide\" for=\"wpforms-17892-field_1\" aria-hidden=\"false\">Full name <span class=\"wpforms-required-label\" aria-hidden=\"true\">*<\/span><\/label><input type=\"text\" id=\"wpforms-17892-field_1\" class=\"wpforms-field-large wpforms-field-required\" name=\"wpforms[fields][1]\" placeholder=\"Full name\" aria-errormessage=\"wpforms-17892-field_1-error\" required><\/div><div id=\"wpforms-17892-field_3-container\" class=\"wpforms-field wpforms-field-email\" data-field-id=\"3\"><label class=\"wpforms-field-label wpforms-label-hide\" for=\"wpforms-17892-field_3\" aria-hidden=\"false\">Email <span class=\"wpforms-required-label\" aria-hidden=\"true\">*<\/span><\/label><input type=\"email\" id=\"wpforms-17892-field_3\" class=\"wpforms-field-large wpforms-field-required\" name=\"wpforms[fields][3]\" placeholder=\"Email\" spellcheck=\"false\" aria-errormessage=\"wpforms-17892-field_3-error\" required><\/div><div id=\"wpforms-17892-field_4-container\" class=\"wpforms-field wpforms-field-text\" data-field-id=\"4\"><label class=\"wpforms-field-label wpforms-label-hide\" for=\"wpforms-17892-field_4\" aria-hidden=\"false\">Topic <span class=\"wpforms-required-label\" aria-hidden=\"true\">*<\/span><\/label><input type=\"text\" id=\"wpforms-17892-field_4\" class=\"wpforms-field-large wpforms-field-required\" name=\"wpforms[fields][4]\" placeholder=\"Topic\" aria-errormessage=\"wpforms-17892-field_4-error\" required><\/div><div id=\"wpforms-17892-field_5-container\" class=\"wpforms-field wpforms-field-textarea\" data-field-id=\"5\"><label class=\"wpforms-field-label wpforms-label-hide\" for=\"wpforms-17892-field_5\" aria-hidden=\"false\">Message <span class=\"wpforms-required-label\" aria-hidden=\"true\">*<\/span><\/label><textarea id=\"wpforms-17892-field_5\" class=\"wpforms-field-small wpforms-field-required\" name=\"wpforms[fields][5]\" placeholder=\"Message\" aria-errormessage=\"wpforms-17892-field_5-error\" required><\/textarea><\/div><\/div><!-- .wpforms-field-container --><div class=\"wpforms-recaptcha-container wpforms-is-recaptcha wpforms-is-recaptcha-type-v2\" ><div class=\"g-recaptcha\" data-sitekey=\"6LfHiocqAAAAAAgTuWto4MNCZwK0NCjEilC_6B4r\"><\/div><input type=\"text\" name=\"g-recaptcha-hidden\" class=\"wpforms-recaptcha-hidden\" style=\"position:absolute!important;clip:rect(0,0,0,0)!important;height:1px!important;width:1px!important;border:0!important;overflow:hidden!important;padding:0!important;margin:0!important;\" data-rule-recaptcha=\"1\"><\/div><div class=\"wpforms-submit-container\" ><input type=\"hidden\" name=\"wpforms[id]\" value=\"17892\"><input type=\"hidden\" name=\"page_title\" value=\"\"><input type=\"hidden\" name=\"page_url\" value=\"https:\/\/www.k-tns.com\/en\/wp-json\/wp\/v2\/pages\/18891\"><button type=\"submit\" name=\"wpforms[submit]\" id=\"wpforms-submit-17892\" class=\"wpforms-submit\" data-alt-text=\"Sent\" data-submit-text=\"Get an appointment\" aria-live=\"assertive\" value=\"wpforms-submit\">Get an appointment<\/button><img decoding=\"async\" src=\"https:\/\/www.k-tns.com\/wp-content\/plugins\/wpforms-lite\/assets\/images\/submit-spin.svg\" class=\"wpforms-submit-spinner\" style=\"display: none;\" width=\"26\" height=\"26\" alt=\"Loading\"><\/div><\/form><\/div>  <!-- .wpforms-container -->        <\/div>\n        \t\t<\/div>\n\t\t\t\t<\/div>\n\t\t\t\t\t<\/div>\n\t\t<\/div>\n\t\t\t\t\t<\/div>\n\t\t<\/section>\n\t\t\t\t<\/div>\n\t\t","protected":false},"excerpt":{"rendered":"<p>Let&#8217;s build the future of your IT infrastructure together. Contact us to find out how we can help. 09 86 36 67 11 09 86 36 67 11 35 Boulevard Georges Clemenceau, Courbevoie 92400 contact@k-tns.com contact@k-tns.com Linkedin-in<\/p>\n","protected":false},"author":1,"featured_media":0,"parent":0,"menu_order":0,"comment_status":"closed","ping_status":"closed","template":"","meta":{"_monsterinsights_skip_tracking":false,"_monsterinsights_sitenote_active":false,"_monsterinsights_sitenote_note":"","_monsterinsights_sitenote_category":0,"footnotes":""},"class_list":["post-18891","page","type-page","status-publish","hentry"],"aioseo_notices":[],"_links":{"self":[{"href":"https:\/\/www.k-tns.com\/en\/wp-json\/wp\/v2\/pages\/18891","targetHints":{"allow":["GET"]}}],"collection":[{"href":"https:\/\/www.k-tns.com\/en\/wp-json\/wp\/v2\/pages"}],"about":[{"href":"https:\/\/www.k-tns.com\/en\/wp-json\/wp\/v2\/types\/page"}],"author":[{"embeddable":true,"href":"https:\/\/www.k-tns.com\/en\/wp-json\/wp\/v2\/users\/1"}],"replies":[{"embeddable":true,"href":"https:\/\/www.k-tns.com\/en\/wp-json\/wp\/v2\/comments?post=18891"}],"version-history":[{"count":4,"href":"https:\/\/www.k-tns.com\/en\/wp-json\/wp\/v2\/pages\/18891\/revisions"}],"predecessor-version":[{"id":18967,"href":"https:\/\/www.k-tns.com\/en\/wp-json\/wp\/v2\/pages\/18891\/revisions\/18967"}],"wp:attachment":[{"href":"https:\/\/www.k-tns.com\/en\/wp-json\/wp\/v2\/media?parent=18891"}],"curies":[{"name":"wp","href":"https:\/\/api.w.org\/{rel}","templated":true}]}}